{"id":186,"date":"2021-05-16T23:00:45","date_gmt":"2021-05-16T21:00:45","guid":{"rendered":"https:\/\/sp310.ursynow.warszawa.pl\/?page_id=186"},"modified":"2025-09-26T14:33:35","modified_gmt":"2025-09-26T12:33:35","slug":"szkolny-klub-wolontariatu","status":"publish","type":"page","link":"https:\/\/sp310.ursynow.warszawa.pl\/index.php\/szkolny-klub-wolontariatu\/","title":{"rendered":"Szkolny Klub Wolontariatu"},"content":{"rendered":"\t\t<div data-elementor-type=\"wp-page\" data-elementor-id=\"186\" class=\"elementor elementor-186\" data-elementor-settings=\"[]\">\n\t\t\t\t\t\t\t<div class=\"elementor-section-wrap\">\n\t\t\t\t\t\t\t<section class=\"elementor-section elementor-top-section elementor-element elementor-element-65eaa5a6 elementor-section-boxed elementor-section-height-default elementor-section-height-default\" data-id=\"65eaa5a6\" data-element_type=\"section\">\n\t\t\t\t\t\t<div class=\"elementor-container elementor-column-gap-default\">\n\t\t\t\t\t<div class=\"elementor-column elementor-col-100 elementor-top-column elementor-element elementor-element-1a724be3\" data-id=\"1a724be3\" data-element_type=\"column\">\n\t\t\t<div class=\"elementor-widget-wrap elementor-element-populated\">\n\t\t\t\t\t\t\t\t<div class=\"elementor-element elementor-element-751254d1 elementor-widget elementor-widget-text-editor\" data-id=\"751254d1\" data-element_type=\"widget\" data-widget_type=\"text-editor.default\">\n\t\t\t\t<div class=\"elementor-widget-container\">\n\t\t\t\t\t\t\t\t<p><strong>\u00a0 \u00a0 \u00a0 \u00a0 \u00a0 \u00a0 \u00a0 \u00a0 \u00a0 \u00a0 \u00a0 \u00a0 \u00a0 \u00a0 \u00a0 \u00a0 \u00a0 \u00a0 \u00a0 \u00a0 \u00a0 \u00a0 \u00a0 \u00a0 \u00a0 \u00a0 \u00a0<\/strong><\/p><p><strong>\u00a0 \u00a0 \u00a0 \u00a0 \u00a0 \u00a0 \u00a0 \u00a0 \u00a0 \u00a0 \u00a0 \u00a0 \u00a0 \u00a0 \u00a0 \u00a0 \u00a0 \u00a0 \u00a0 \u00a0 \u00a0 \u00a0 REGULAMIN SZKOLNEGO KLUBU WOLONTARIATU <\/strong><\/p><p><strong>\u00a0<\/strong><\/p><p>\u00a0 \u00a0 \u00a0 \u00a0 \u00a0I. POSTANOWIENIA OG\u00d3LNE<\/p><p>\u00a0<\/p><ol><li>Wolontariat szkolny to bezinteresowne, \u015bwiadome, bezp\u0142atne zaanga\u017cowanie spo\u0142eczno\u015bci szko\u0142y &#8211; nauczycieli, uczni\u00f3w (za zgod\u0105 rodzic\u00f3w\/opiekun\u00f3w prawnych) i rodzic\u00f3w &#8211; na rzecz potrzebuj\u0105cych. W sk\u0142ad Szkolnego Klubu Wolontariatu nazywanego dalej SKW wchodz\u0105:<\/li><\/ol><ul><li>opiekunowie SKW<\/li><li>zapisani cz\u0142onkowie SKW z klas 6-8<\/li><\/ul><ol><li>Opiekunowie reprezentuj\u0105 SKW poza szko\u0142\u0105 oraz wsp\u00f3\u0142pracuj\u0105 ze stowarzyszeniami i instytucjami. Zapisy uczni\u00f3w do SKW odbywaj\u0105 si\u0119 w wyznaczonym przez opiekun\u00f3w terminie. Przyst\u0105pieniem do rekrutacji jest przedstawienie przed opiekunami i cz\u0142onkami SKW swoich pomys\u0142\u00f3w na dzia\u0142ania wolontariackie (w formie prezentacji multimedialnej lub plakatu).<br \/><br \/>II. CELE SZCZEG\u00d3\u0141OWE:\u00a0<br \/><br \/><\/li><\/ol><ol><li>Zapoznanie dzieci z ide\u0105 wolontariatu oraz jej propagowanie.<\/li><li>Uwra\u017cliwienie na cierpienie, samotno\u015b\u0107 i potrzeby innych.<\/li><li>Aktywne dzia\u0142anie w obszarze pomocy kole\u017ce\u0144skiej.<\/li><li>Kszta\u0142towanie postaw prospo\u0142ecznych, rozwijanie empatii i tolerancji. Inspirowanie do aktywnego sp\u0119dzania czasu wolnego.<\/li><li>Anga\u017cowanie si\u0119 w dzia\u0142ania na rzecz spo\u0142eczno\u015bci szkolnej i lokalnej, tworzenie wi\u0119zi ze \u015brodowiskiem.<\/li><li>Kszta\u0142towanie umiej\u0119tno\u015bci dzia\u0142ania zespo\u0142owego. Wsp\u00f3\u0142dzia\u0142anie z organizacjami spo\u0142ecznymi i m\u0142odzie\u017cowymi.<\/li><li>Mo\u017cliwo\u015b\u0107 wykorzystywania w\u0142asnych umiej\u0119tno\u015bci oraz zdobywanie do\u015bwiadcze\u0144 <br \/>w nowych dziedzinach.<\/li><li>Wspieranie ciekawych inicjatyw m\u0142odzie\u017cy szkolnej.<br \/><br \/><br \/><\/li><\/ol><p>\u00a0 \u00a0 \u00a0 \u00a0 \u00a0 III. OBSZARY DZIA\u0141ANIA:<br \/><br \/><br \/><\/p><ol><li>Aktywno\u015b\u0107 wolontariuszy ukierunkowana jest na dwa zasadnicze obszary: <br \/>\u015brodowisko szkolne i \u015brodowisko pozaszkolne.<br \/><br \/><\/li><\/ol><ul><li>\u015aRODOWISKO SZKOLNE:<\/li><\/ul><p>Organizowanie pomocy kole\u017ce\u0144skiej w nauce oraz proponowanie ciekawych sposob\u00f3w sp\u0119dzania czasu wolnego w \u015bwietlicy szkolnej. Przeprowadzanie zbi\u00f3rek pieni\u0119\u017cnych oraz rzeczowych na terenie szko\u0142y (na rzecz fundacji i stowarzysze\u0144). Organizacja i wspieranie wydarze\u0144 \u015brodowiska szkolnego.<\/p><ul><li>\u015aRODOWISKO POZASZKOLNE<\/li><\/ul><p>Wsp\u00f3\u0142praca z organizacjami pozarz\u0105dowymi (fundacje i stowarzyszenia), lokalnymi oraz osobami prywatnymi potrzebuj\u0105cymi wsparcia. Organizacja i wspieranie wydarze\u0144 \u015brodowiska lokalnego.<br \/><br \/><br \/><\/p><p>\u00a0 \u00a0 \u00a0 \u00a0 \u00a0IV. ZADANIA SKW:<br \/><br \/><br \/><\/p><ol><li>Poznanie obszar\u00f3w niesionej pomocy.<\/li><li>Poznanie zasad pracy.<\/li><li>Zapoznanie z prawami i obowi\u0105zkami wolontariuszy.<\/li><li>Promocja idei wolontariatu w lokalnej spo\u0142eczno\u015bci.<\/li><li>Wywieszanie plakat\u00f3w i tworzenie gazetek zach\u0119caj\u0105cych uczni\u00f3w do w\u0142\u0105czenia si\u0119 w dzia\u0142ania SKW.<\/li><li>Zamieszczanie informacji o dzia\u0142alno\u015bci SKW na stronie internetowej szko\u0142y, <br \/>w dzienniku Librus i na tablicy SKW.<\/li><li>Prowadzenie cyklicznych spotka\u0144 wolontariuszy stacjonarnie lub online.<\/li><li>Kontakt z wolontariuszami w szkole oraz poprzez Librus.<\/li><li>Sta\u0142a pomoc i monitorowanie dzia\u0142alno\u015bci wolontariuszy przez opiekun\u00f3w SKW.<br \/><br \/><br \/><br \/>V. PRAWA WOLONTARIUSZA:<br \/><br \/><br \/><\/li><\/ol><ol><li>Wolontariusz ma prawo do zg\u0142aszania w\u0142asnych pomys\u0142\u00f3w, propozycji i inicjatyw.<\/li><li>Wolontariusz ma prawo do wsparcia ze strony opiekun\u00f3w\u00a0 SKW.<\/li><li>Wolontariusz ma prawo do otrzymania pisemnego za\u015bwiadczenia o wypracowanych godzinach w danym roku.<\/li><li>Nie wolno wywiera\u0107 na wolontariuszu presji moralnej w zwi\u0105zku z realizowanym zadaniem pozostaj\u0105cym w konflikcie z jego przekonaniami.<\/li><li>Ka\u017cdy ucze\u0144 spe\u0142niaj\u0105cy wymagania zawarte w regulaminie ma prawo zar\u00f3wno przyst\u0105pi\u0107 do SKW, jak i od niego odej\u015b\u0107, uprzedzaj\u0105c odpowiednio wcze\u015bniej opiekun\u00f3w SKW (od momentu podj\u0119cia decyzji o rezygnacji, wolontariusz ma 5 dni na dostarczenie opiekunom wolontariatu pisemnego o\u015bwiadczenia o rezygnacji <br \/>z podpisem rodzica i ucznia).<br \/><br \/><br \/>VI. OBOWI\u0104ZKI WOLONTARIUSZA:<br \/><br \/><br \/><\/li><\/ol><ol><li>Cz\u0142onkowie SKW musz\u0105 przedstawi\u0107 pisemn\u0105 zgod\u0119 rodzic\u00f3w lub opiekun\u00f3w prawnych na dzia\u0142anie w SKW.<\/li><li>Wolontariusz ma obowi\u0105zek uczestniczy\u0107 w spotkaniach SKW.<\/li><li>Wolontariusz wywi\u0105zuje si\u0119 z powierzonych mu obowi\u0105zk\u00f3w.<\/li><li>Przestrzega zasad bezpiecze\u0144stwa i higieny przy wykonywaniu \u015bwiadcze\u0144.<\/li><li>Dba o powierzone materia\u0142y.<\/li><li>Wolontariusz ma obowi\u0105zek respektowa\u0107 zasady SKW takie jak:<\/li><\/ol><ul><li>zasada osobistej pracy nad w\u0142asnym rozwojem,<\/li><li>zasada zaanga\u017cowania na rzecz potrzebuj\u0105cych pomocy,<\/li><li>zasada troski o los s\u0142abszych,<\/li><li>zasada prawdy, przyja\u017ani, \u017cyczliwo\u015bci.<\/li><\/ul><ol><li>Ka\u017cdy cz\u0142onek Klubu powinien przestrzega\u0107 zasad zawartych w Regulaminie SKW.<\/li><li>Wolontariusz mo\u017ce zosta\u0107 skre\u015blony z listy wolontariuszy za nieprzestrzeganie Regulaminu SKW.<br \/><br \/><br \/><\/li><\/ol><p>\u00a0 \u00a0 \u00a0 \u00a0 \u00a0VII. NAGRADZANIE WOLONTARIUSZY:<br \/><br \/><br \/><br \/><\/p><ol><li>Cz\u0142onkowie SKW mog\u0105 by\u0107 nagradzani poprzez:<\/li><\/ol><ul><li>wyra\u017cenie uznania ustnego;<\/li><li>pochwa\u0142\u0119 na forum szko\u0142y (od opiekun\u00f3w SKW, dyrektora, wychowawcy);<\/li><li>powierzanie coraz bardziej odpowiedzialnych zada\u0144.<\/li><li>przyznanie dyplomu za dzia\u0142alno\u015b\u0107 wolontariack\u0105,<\/li><li>wr\u0119czenie nagrody rzeczowej (np. ksi\u0105\u017cki),<\/li><li>wpis na \u015bwiadectwie szkolnym w cz\u0119\u015bci dotycz\u0105cej szczeg\u00f3lnych osi\u0105gni\u0119\u0107 ucznia.<\/li><\/ul><ol start=\"2\"><li>Nagradzanie wolontariuszy ma charakter motywuj\u0105cy, podkre\u015blaj\u0105cy uznanie dla dzia\u0142alno\u015bci wolontariusza.<\/li><li>Zgodnie z rekomendacj\u0105 Centrum Komunikacji Spo\u0142ecznej Urz\u0119du m.st. Warszawy oraz Biura Edukacji Urz\u0119du m.st. Warszawy:<\/li><\/ol><p>a)\u00a0\u00a0\u00a0 Ucze\u0144 mo\u017ce uzyska\u0107 trzy punkty w rekrutacji do szko\u0142y ponadpodstawowej za osi\u0105gni\u0119cia w aktywno\u015bci na rzecz innych ludzi pod warunkiem systematycznej pracy w ramach wolontariatu lub pracy na rzecz \u015brodowiska szkolnego i lokalnego:<\/p><ul><li>w wymiarze co najmniej 50 godzin podczas nauki w szkole podstawowej;<\/li><li>godziny sumuj\u0105 si\u0119 z poszczeg\u00f3lnych lat dzia\u0142alno\u015bci,<\/li><li>godziny wolontariatu realizowanego poza szko\u0142\u0105, udokumentowane odpowiednim za\u015bwiadczeniem, sumuj\u0105 si\u0119 z wolontariatem w szkole.<\/li><\/ul><p>\u00a0<\/p><ol start=\"4\"><li>W przypadku uczni\u00f3w, kt\u00f3rzy we wcze\u015bniejszych latach nauki otrzymali wpis na \u015bwiadectwie promocyjnym, b\u0119dzie on przepisany na \u015bwiadectwo uko\u0144czenia szko\u0142y.<\/li><li>Opiekunowie prowadz\u0105 ewidencj\u0119 dzia\u0142a\u0144 wolontariuszy i na tej podstawie decyduj\u0105 <br \/>o aktywno\u015bci spo\u0142ecznej.<\/li><li>W\u0142\u0105czanie si\u0119 do organizowanej przez wolontariat zbi\u00f3rki (poprzez przyniesienie produkt\u00f3w) lub zakupienie produktu z akcji (np. znicza lub \u017conkila) nie jest dzia\u0142aniem odnotowanym jako odbywanie wolontariatu. Takie dzia\u0142anie jest wsparciem akcji.<\/li><li>Uczniowie, kt\u00f3rzy dzia\u0142ali spo\u0142ecznie poza terenem szko\u0142y, musz\u0105 przedstawi\u0107 opiekunowi wolontariatu, najp\u00f3\u017aniej do dnia rocznej rady klasyfikacyjnej w czerwcu, odpowiednie za\u015bwiadczenie (wz\u00f3r za\u015bwiadczenia stanowi za\u0142\u0105cznik nr 1 do niniejszego regulaminu). Dokument ten ma zawiera\u0107 nazw\u0119 plac\u00f3wki, piecz\u0105tk\u0119 i podpis osoby odpowiedzialnej za opiek\u0119 nad wolontariuszem, okres, w kt\u00f3rym wolontariusz anga\u017cowa\u0142 si\u0119 w pomoc, oraz ilo\u015b\u0107 zrealizowanych przez niego godzin.<\/li><li>Godziny wolontariatu realizowanego poza szko\u0142\u0105, udokumentowane odpowiednim za\u015bwiadczeniem, sumuj\u0105 si\u0119 z wolontariatem w szkole.<\/li><li>W niejasnych sytuacjach punkty przyznaje komisja, w sk\u0142ad kt\u00f3rej wchodz\u0105 dyrektor, wychowawca i opiekunowie SKW.<br \/><br \/><\/li><\/ol><p>\u00a0<\/p><p>\u00a0 \u00a0 \u00a0 \u00a0 \u00a0 \u00a0 VIII. OPIEKUNOWIE<br \/><br \/><br \/><\/p><ol><li>Do obowi\u0105zk\u00f3w opiekun\u00f3w SKW nale\u017cy:<\/li><\/ol><ul><li>planowanie dzia\u0142alno\u015bci i harmonogramu dzia\u0142a\u0144 SKW;<\/li><li>podzia\u0142 zada\u0144 i wspieranie wykonywania \u015bwiadcze\u0144 przez wolontariuszy;<\/li><li>nawi\u0105zywanie kontaktu i wsp\u00f3\u0142pracy z instytucjami lub organizacjami pozarz\u0105dowymi;<\/li><li>ustalanie termin\u00f3w spotka\u0144 SKW;<\/li><li>informowanie dyrekcji i pracownik\u00f3w szko\u0142y o dzia\u0142aniach SKW;<\/li><li>wsp\u00f3\u0142praca z innymi pracownikami szko\u0142y w zwi\u0105zku z wykonywaniem \u015bwiadcze\u0144 wolontariackich przez wolontariuszy;<\/li><li>uzyskiwanie niezb\u0119dnych zg\u00f3d i pozwole\u0144 na dzia\u0142ania SKW;<\/li><li>dbanie o wystawienie za\u015bwiadcze\u0144 o wykonywaniu \u015bwiadcze\u0144 dla wolontariuszy;<\/li><li>odnotowywanie godzin \u015bwiadczenia wolontariatu przez wolontariuszy;<\/li><li>koordynacja zawierania porozumie\u0144 o wykonywaniu \u015bwiadcze\u0144 wolontariackich <br \/>z wolontariuszami, um\u00f3w o wsp\u00f3\u0142pracy z instytucjami\/organizacjami pozarz\u0105dowymi, uzyskiwania zg\u00f3d na wykonywanie \u015bwiadcze\u0144, informacji i zg\u00f3d RODO wolontariuszy.<\/li><\/ul><ol start=\"2\"><li>Opiekun mo\u017ce zrezygnowa\u0107 ze swojej funkcji poprzez z\u0142o\u017cenie o\u015bwiadczenia dyrektorowi szko\u0142y.<\/li><li>SPOSOBY EWALUACJI:<\/li><\/ol><ol><li>Sprawozdanie z pracy SKW na koniec roku szkolnego.<\/li><\/ol><ol><li>Harmonogram akcji charytatywnych, instytucji, w kt\u00f3rych s\u0105 obecni wolontariusze.<\/li><li>Zdj\u0119cia z przeprowadzanych akcji. Informacje na stronie internetowej szko\u0142y i\/lub w portalach spo\u0142eczno\u015bciowych.<\/li><li>Podzi\u0119kowania od os\u00f3b i instytucji za udzia\u0142 w akcji.<br \/><br \/><br \/><br \/>IX. POSTANOWIENIA KO\u0143COWE:<br \/><br \/><br \/><\/li><\/ol><ol><li>Wolontariusze obchodz\u0105 swoje \u015bwi\u0119to w dniu 5 grudnia w Mi\u0119dzynarodowy Dzie\u0144 Wolontariusza.<\/li><li>W sprawach nieuregulowanych Regulaminem zastosowanie ma ustawa z dnia 24 kwietnia 2003 r. o dzia\u0142alno\u015bci po\u017cytku publicznego i o wolontariacie<\/li><\/ol><p>\u00a0<\/p>\t\t\t\t\t\t<\/div>\n\t\t\t\t<\/div>\n\t\t\t\t<div class=\"elementor-element elementor-element-859e260 elementor-widget-divider--view-line elementor-widget elementor-widget-divider\" data-id=\"859e260\" data-element_type=\"widget\" data-widget_type=\"divider.default\">\n\t\t\t\t<div class=\"elementor-widget-container\">\n\t\t\t\t\t<div class=\"elementor-divider\">\n\t\t\t<span class=\"elementor-divider-separator\">\n\t\t\t\t\t\t<\/span>\n\t\t<\/div>\n\t\t\t\t<\/div>\n\t\t\t\t<\/div>\n\t\t\t\t\t<\/div>\n\t\t<\/div>\n\t\t\t\t\t\t\t<\/div>\n\t\t<\/section>\n\t\t\t\t<section class=\"elementor-section elementor-top-section elementor-element elementor-element-e6f74fd elementor-section-boxed elementor-section-height-default elementor-section-height-default\" data-id=\"e6f74fd\" data-element_type=\"section\">\n\t\t\t\t\t\t<div class=\"elementor-container elementor-column-gap-default\">\n\t\t\t\t\t<div class=\"elementor-column elementor-col-100 elementor-top-column elementor-element elementor-element-bf794bb\" data-id=\"bf794bb\" data-element_type=\"column\">\n\t\t\t<div class=\"elementor-widget-wrap elementor-element-populated\">\n\t\t\t\t\t\t\t\t<div class=\"elementor-element elementor-element-8f5a349 elementor-align-center elementor-invisible elementor-widget elementor-widget-button\" data-id=\"8f5a349\" data-element_type=\"widget\" data-settings=\"{&quot;_animation&quot;:&quot;fadeIn&quot;}\" data-widget_type=\"button.default\">\n\t\t\t\t<div class=\"elementor-widget-container\">\n\t\t\t\t\t<div class=\"elementor-button-wrapper\">\n\t\t\t<a href=\"https:\/\/sp310.ursynow.warszawa.pl\/wp-content\/uploads\/2023\/10\/wzor_wolontariat.pdf\" class=\"elementor-button-link elementor-button elementor-size-sm\" role=\"button\">\n\t\t\t\t\t\t<span class=\"elementor-button-content-wrapper\">\n\t\t\t\t\t\t<span class=\"elementor-button-text\">Wz\u00f3r  za \u015bwiadczenia o wykonywaniu wolontariatu poza szko\u0142\u0105<\/span>\n\t\t<\/span>\n\t\t\t\t\t<\/a>\n\t\t<\/div>\n\t\t\t\t<\/div>\n\t\t\t\t<\/div>\n\t\t\t\t\t<\/div>\n\t\t<\/div>\n\t\t\t\t\t\t\t<\/div>\n\t\t<\/section>\n\t\t\t\t<section class=\"elementor-section elementor-top-section elementor-element elementor-element-f04f9a4 elementor-section-boxed elementor-section-height-default elementor-section-height-default\" data-id=\"f04f9a4\" data-element_type=\"section\">\n\t\t\t\t\t\t<div class=\"elementor-container elementor-column-gap-default\">\n\t\t\t\t\t<div class=\"elementor-column elementor-col-100 elementor-top-column elementor-element elementor-element-fe25a3a\" data-id=\"fe25a3a\" data-element_type=\"column\">\n\t\t\t<div class=\"elementor-widget-wrap elementor-element-populated\">\n\t\t\t\t\t\t\t\t<div class=\"elementor-element elementor-element-e24c651 elementor-widget-divider--view-line elementor-widget elementor-widget-divider\" data-id=\"e24c651\" data-element_type=\"widget\" data-widget_type=\"divider.default\">\n\t\t\t\t<div class=\"elementor-widget-container\">\n\t\t\t\t\t<div class=\"elementor-divider\">\n\t\t\t<span class=\"elementor-divider-separator\">\n\t\t\t\t\t\t<\/span>\n\t\t<\/div>\n\t\t\t\t<\/div>\n\t\t\t\t<\/div>\n\t\t\t\t\t<\/div>\n\t\t<\/div>\n\t\t\t\t\t\t\t<\/div>\n\t\t<\/section>\n\t\t\t\t\t\t<\/div>\n\t\t\t\t\t<\/div>\n\t\t","protected":false},"excerpt":{"rendered":"<p>\u00a0 \u00a0 \u00a0 \u00a0 \u00a0 \u00a0 \u00a0 \u00a0 \u00a0 \u00a0 \u00a0 \u00a0 \u00a0 \u00a0 \u00a0 \u00a0 \u00a0 \u00a0 \u00a0 \u00a0 \u00a0 \u00a0 \u00a0 \u00a0 \u00a0 \u00a0<span class=\"excerpt-hellip\"> [\u2026]<\/span><\/p>\n","protected":false},"author":1,"featured_media":0,"parent":0,"menu_order":0,"comment_status":"closed","ping_status":"closed","template":"","meta":{"footnotes":""},"class_list":["post-186","page","type-page","status-publish","hentry"],"_links":{"self":[{"href":"https:\/\/sp310.ursynow.warszawa.pl\/index.php\/wp-json\/wp\/v2\/pages\/186","targetHints":{"allow":["GET"]}}],"collection":[{"href":"https:\/\/sp310.ursynow.warszawa.pl\/index.php\/wp-json\/wp\/v2\/pages"}],"about":[{"href":"https:\/\/sp310.ursynow.warszawa.pl\/index.php\/wp-json\/wp\/v2\/types\/page"}],"author":[{"embeddable":true,"href":"https:\/\/sp310.ursynow.warszawa.pl\/index.php\/wp-json\/wp\/v2\/users\/1"}],"replies":[{"embeddable":true,"href":"https:\/\/sp310.ursynow.warszawa.pl\/index.php\/wp-json\/wp\/v2\/comments?post=186"}],"version-history":[{"count":47,"href":"https:\/\/sp310.ursynow.warszawa.pl\/index.php\/wp-json\/wp\/v2\/pages\/186\/revisions"}],"predecessor-version":[{"id":10042,"href":"https:\/\/sp310.ursynow.warszawa.pl\/index.php\/wp-json\/wp\/v2\/pages\/186\/revisions\/10042"}],"wp:attachment":[{"href":"https:\/\/sp310.ursynow.warszawa.pl\/index.php\/wp-json\/wp\/v2\/media?parent=186"}],"curies":[{"name":"wp","href":"https:\/\/api.w.org\/{rel}","templated":true}]}}