{"id":987,"date":"2021-05-23T16:42:17","date_gmt":"2021-05-23T14:42:17","guid":{"rendered":"https:\/\/sp310.ursynow.warszawa.pl\/?page_id=987"},"modified":"2026-01-20T11:45:21","modified_gmt":"2026-01-20T10:45:21","slug":"deklaracja-dostepnosci","status":"publish","type":"page","link":"https:\/\/sp310.ursynow.warszawa.pl\/index.php\/deklaracja-dostepnosci\/","title":{"rendered":"Deklaracja dost\u0119pno\u015bci"},"content":{"rendered":"\t\t<div data-elementor-type=\"wp-page\" data-elementor-id=\"987\" class=\"elementor elementor-987\" data-elementor-settings=\"[]\">\n\t\t\t\t\t\t\t<div class=\"elementor-section-wrap\">\n\t\t\t\t\t\t\t<section class=\"elementor-section elementor-top-section elementor-element elementor-element-1554bd5 elementor-section-boxed elementor-section-height-default elementor-section-height-default\" data-id=\"1554bd5\" data-element_type=\"section\">\n\t\t\t\t\t\t<div class=\"elementor-container elementor-column-gap-default\">\n\t\t\t\t\t<div class=\"elementor-column elementor-col-100 elementor-top-column elementor-element elementor-element-15902c2\" data-id=\"15902c2\" data-element_type=\"column\">\n\t\t\t<div class=\"elementor-widget-wrap elementor-element-populated\">\n\t\t\t\t\t\t\t\t<div class=\"elementor-element elementor-element-f3d3267 elementor-widget elementor-widget-html\" data-id=\"f3d3267\" data-element_type=\"widget\" data-widget_type=\"html.default\">\n\t\t\t\t<div class=\"elementor-widget-container\">\n\t\t\t\r\n            <div>\r\n                    <h2 id=\"a11y-deklaracja\">Deklaracja dost\u0119pno\u015bci<\/h2>\r\n                    <section id=\"a11y-wstep\">\r\n                        <p><span id=\"a11y-podmiot\">Szko\u0142a Podstawowa nr 310 im. Micha\u0142a Byliny w Warszawie<\/span> zobowi\u0105zuje si\u0119 zapewni\u0107 dost\u0119pno\u015b\u0107 swojej\r\n                            <span id=\"a11y-zakres\">strony internetowej<\/span> zgodnie z ustaw\u0105 z dnia 4 kwietnia 2019 r. o dost\u0119pno\u015bci cyfrowej stron internetowych i aplikacji mobilnych podmiot\u00f3w publicznych.<\/p>\r\n                        <p>Deklaracja dost\u0119pno\u015bci dotyczy strony <a href=\"https:\/\/sp310.ursynow.warszawa.pl\/\" title=\"Link do strony domowej\" id=\"a11y-url\">Szko\u0142a Podstawowa nr 310 im. Micha\u0142a Byliny w Warszawie<\/a>.<\/p>\r\n                    <\/section>\r\n                    <ul>\r\n                        <li>Data publikacji strony internetowej: <time id=\"a11y-data-publikacja\" datetime=\"2021-05-24\">\r\n                            24 maj 2021 r.<\/time>\r\n                        <\/li>\r\n                        <li>Data ostatniej istotnej aktualizacji: <time id=\"a11y-data-aktualizacja\" datetime=\"2026-01-20\">\r\n                            20 stycze\u0144 2026 r.<\/time>\r\n                        <\/li>\r\n                    <\/ul>\r\n                    <h2>Stan dost\u0119pno\u015bci cyfrowej<\/h2>\r\n\r\n<!-- Dynamiczne generowanie tre\u015bci dla strony internetowej lub aplikacji mobilnej -->\r\n                    \r\n            <p id=\"a11y-status\">Ta strona internetowa jest cz\u0119\u015bciowo zgodna z za\u0142\u0105cznikiem do ustawy o dost\u0119pno\u015bci cyfrowej z dnia 4 kwietnia 2019 r. o dost\u0119pno\u015bci cyfrowej stron internetowych i aplikacji mobilnych podmiot\u00f3w publicznych z powodu niezgodno\u015bci lub wy\u0142\u0105cze\u0144 wymienionych poni\u017cej.<\/p>\r\n            \r\n\r\n                    \r\n<h2>Niedost\u0119pne tre\u015bci<\/h2>\r\n        \r\n            <h3>Niezgodno\u015b\u0107 z za\u0142\u0105cznikiem<\/h3>\r\n            <ul id=\"a11y-niezgodnosc-z-zalacznikiem\">\r\n                <li>Niekt\u00f3re linki mog\u0105 by\u0107 dwuznaczne dla u\u017cytkownik\u00f3w i nie s\u0105 wystarczaj\u0105co opisane;<\/li><li>Niekt\u00f3re z zamieszczonych plik\u00f3w to graficzne pliki pdf;<\/li><li>Niekt\u00f3re informacje przedstawiono jedynie w formie graficznej;<\/li><li>Niekt\u00f3re elementy tekstowe nie maj\u0105 mo\u017cliwo\u015bci zmiany rozmiaru czcionki oraz zwi\u0119kszenie czcionki powoduje nadmierne \u0142amanie tekstu w kolumnie.<\/li><li>Pliki udost\u0119pnione do pobrania (np. PDF, DOC) nie s\u0105 dost\u0119pne dla czytania maszynowego i nie s\u0105 obs\u0142ugiwane przez wtyczk\u0119 odczytuj\u0105c\u0105 tre\u015bci na stronie.<\/li><li><\/li>\r\n            <\/ul>\r\n            \r\n        <h3>Nadmierne koszty<\/h3>\r\n        <p id=\"a11y-ocena\">Niekt\u00f3re tre\u015bci multimedialne (np. nagrania wideo z lekcji lub wydarze\u0144 szkolnych) nie zosta\u0142y wyposa\u017cone w audiodeskrypcj\u0119 lub napisy rozszerzone ze wzgl\u0119du na nadmierne koszty ich przygotowania. Dostosowanie tych materia\u0142\u00f3w wymaga\u0142oby znacz\u0105cych nak\u0142ad\u00f3w finansowych i czasowych, kt\u00f3re przekraczaj\u0105 mo\u017cliwo\u015bci bud\u017cetowe szko\u0142y. W przypadku zg\u0142oszenia przez u\u017cytkownik\u00f3w, szko\u0142a zapewni alternatywny dost\u0119p do tre\u015bci w formie streszcze\u0144 tekstowych lub transkrypcji. Pliki udost\u0119pnione do pobrania (np. PDF, DOC) nie zosta\u0142y w pe\u0142ni dostosowane do odczytu maszynowego ze wzgl\u0119du na nadmierne koszty ich konwersji. W razie potrzeby u\u017cytkownik mo\u017ce zwr\u00f3ci\u0107 si\u0119 do szko\u0142y o przes\u0142anie tre\u015bci w alternatywnym formacie.<\/p>\r\n\r\n\r\n        <h3>Tre\u015bci nieobj\u0119te przepisami<\/h3>\r\n        <p id=\"a11y-tresci-nieobjete-przepisami\">Strona zawiera map\u0119 dojazdu, mapy s\u0105 wy\u0142\u0105czone z obowi\u0105zku dost\u0119pno\u015bci.<\/p>\r\n\r\n\r\n\r\n                    <h2>Przygotowanie deklaracji dost\u0119pno\u015bci<\/h2>\r\n                    <h3>Przygotowanie deklaracji dost\u0119pno\u015bci i jej aktualizacja<\/h3>\r\n                    <ul>\r\n                        <li>Data sporz\u0105dzenia deklaracji:\r\n                            <time id=\"a11y-data-sporzadzenie\" datetime=\"2023-09-24\">\r\n                                24 wrzesie\u0144 2023 r.<\/time>\r\n                        <\/li>\r\n                        <li>Data ostatniego przegl\u0105du deklaracji:\r\n                            <time id=\"a11y-data-przeglad\" datetime=\"2026-01-20\">\r\n                                20 stycze\u0144 2026 r.<\/time>\r\n                        <\/li>\r\n                    <\/ul>\r\n\r\n                    \r\n            <p>Deklaracj\u0119 sporz\u0105dzili\u015bmy na podstawie samooceny w oparciu o <a href=\"https:\/\/www.gov.pl\/attachment\/1a3e2bb5-6d60-4897-ac2f-07a8e91e70ed\">List\u0119 kontroln\u0105 do badania dost\u0119pno\u015bci cyfrowej strony internetowej v. 2.2 (docx, 0,12MB)<\/a>.<\/p>\r\n            \r\n\r\n                    \r\n                    <!-- Informacje dodatkowe -->\r\n            <h2>Udogodnienia, ograniczenia i inne informacje<\/h2>        \r\n            <ul id=\"a11y-skroty-klawiaturowe\">\r\n                <li>Strona internetowa jest cz\u0119\u015bciowo zgodna z ustaw\u0105 o dost\u0119pno\u015bci cyfrowej. Tre\u015bci publikowane bezpo\u015brednio na stronie w formacie HTML s\u0105 dost\u0119pne dla czytania maszynowego, w tym poprzez zastosowan\u0105 wtyczk\u0119 umo\u017cliwiaj\u0105c\u0105 odczyt tre\u015bci. Tre\u015bci niedost\u0119pne Pliki udost\u0119pnione do pobrania (np. PDF, DOC) nie s\u0105 dost\u0119pne dla czytania maszynowego i nie s\u0105 obs\u0142ugiwane przez wtyczk\u0119 odczytuj\u0105c\u0105 tre\u015bci na stronie.<\/li>\r\n            <\/ul>\r\n            \r\n\r\n                    \r\n                    <!-- Skr\u00f3ty klawiszowe -->\r\n            <h2>Skr\u00f3ty klawiszowe<\/h2>        \r\n            <ul>\r\n                <li>Standardowe skr\u00f3ty klawiszowe<\/li>\r\n            <\/ul>\r\n            \r\n\r\n                    <h2>Informacje zwrotne i dane kontaktowe<\/h2>\r\n                    <p>Wszystkie problemy z dost\u0119pno\u015bci\u0105 cyfrow\u0105 tej strony internetowej mo\u017cesz zg\u0142osi\u0107 do<span id=\"a11y-kontakt\"> Anna Kondratowicz<\/span> \u2014 mailowo <a id=\"a11y-email\" href=\"mailto:sp310@eduwarszawa.pl\">sp310@eduwarszawa.pl<\/a>\r\n                        lub telefonicznie <a href=\"tel: 22 259 40 14\" id=\"a11y-telefon\"> 22 259 40 14<\/a>.\r\n                    <\/p>\r\n                    <p>Ka\u017cdy ma prawo wyst\u0105pi\u0107 z \u017c\u0105daniem zapewnienia dost\u0119pno\u015bci cyfrowej tej strony internetowej lub jej element\u00f3w.<\/p>\r\n\r\n                    <p>Zg\u0142aszaj\u0105c takie \u017c\u0105danie, podaj:<\/p>\r\n                    <ul>\r\n                        <li>swoje imi\u0119 i nazwisko,<\/li>\r\n                        <li>swoje dane kontaktowe (np. numer telefonu, e-mail),<\/li>\r\n                        <li>dok\u0142adny adres strony internetowej, na kt\u00f3rej jest niedost\u0119pny cyfrowo element lub tre\u015b\u0107,<\/li>\r\n                        <li>opis na czym polega problem i jaki spos\u00f3b jego rozwi\u0105zania by\u0142by dla Ciebie najwygodniejszy.<\/li>\r\n                    <\/ul>\r\n\r\n                    <p>Na Twoje zg\u0142oszenie odpowiemy najszybciej jak to mo\u017cliwe, nie p\u00f3\u017aniej ni\u017c w ci\u0105gu 7 dni od jego otrzymania.<\/p>\r\n\r\n                    <p>Je\u017celi ten termin b\u0119dzie dla nas zbyt kr\u00f3tki, poinformujemy Ci\u0119 o tym. W tej informacji podamy nowy termin, do kt\u00f3rego poprawimy zg\u0142oszone przez Ciebie b\u0142\u0119dy lub przygotujemy informacje w alternatywny spos\u00f3b. Ten nowy termin nie b\u0119dzie d\u0142u\u017cszy ni\u017c 2 miesi\u0105ce.<\/p>\r\n\r\n                    <p>Je\u017celi nie b\u0119dziemy w stanie zapewni\u0107 dost\u0119pno\u015bci cyfrowej strony internetowej lub tre\u015bci, wskazanej w Twoim \u017c\u0105daniu, zaproponujemy Ci dost\u0119p do nich w alternatywny spos\u00f3b.<\/p>\r\n\r\n                    <section id=\"a11y-procedura\">\r\n                        <h3>Obs\u0142uga wniosk\u00f3w i skarg zwi\u0105zanych z dost\u0119pno\u015bci\u0105<\/h3>\r\n                        <p>Je\u017celi w odpowiedzi na Tw\u00f3j wniosek o zapewnienie dost\u0119pno\u015bci cyfrowej, odm\u00f3wimy zapewnienia \u017c\u0105danej przez Ciebie dost\u0119pno\u015bci cyfrowej, a Ty nie zgadzasz si\u0119 z t\u0105 odmow\u0105, masz prawo z\u0142o\u017cy\u0107 skarg\u0119.<\/p>\r\n                        <p>Skarg\u0119 masz prawo z\u0142o\u017cy\u0107 tak\u017ce, je\u015bli nie zgadzasz si\u0119 na skorzystanie z alternatywnego sposobu dost\u0119pu, kt\u00f3ry zaproponowali\u015bmy Ci w odpowiedzi na Tw\u00f3j wniosek o zapewnienie dost\u0119pno\u015bci cyfrowej.<\/p>\r\n                        <a href=\"https:\/\/www.gov.pl\/web\/gov\/zloz-wniosek-o-zapewnienie-dostepnosci-cyfrowej-strony-internetowej-lub-aplikacji-mobilnej\">\r\n                            Pomocne mog\u0105 by\u0107 informacje, kt\u00f3re mo\u017cna znale\u017a\u0107 na rz\u0105dowym portalu gov.pl<\/a>.\r\n                        <p>Mo\u017cesz tak\u017ce poinformowa\u0107 o tej sytuacji <a href=\"https:\/\/bip.brpo.gov.pl\/\"> Rzecznika Praw Obywatelskich<\/a> i poprosi\u0107 o interwencj\u0119 w Twojej sprawie<\/p>\r\n                    <\/section>\r\n\r\n                    \r\n            <h2>Pozosta\u0142e informacje<\/h2>\r\n\r\n            \r\n\r\n            \r\n                <section id=\"a11y-architektura\">\r\n                    <h3>Dost\u0119pno\u015b\u0107 architektoniczna<\/h3>\r\n                    <h4>Hawajska 7, 02-776 Warszawa<\/h4>\r\n\r\n                    \r\n                        <p>Szko\u0142a nie posiada parkingu;\r\n\r\nPrzed g\u0142\u00f3wnym wej\u015bciem do szko\u0142y znajduje si\u0119 pochylnia dla w\u00f3zk\u00f3w inwalidzkich;\r\n\r\nPo prawej stronie drzwi jest dzwonek, znajduje si\u0119 na wysoko\u015bci 1.30 m. Drzwi otwiera osoba do tego upowa\u017cniona, interesant zostanie odpowiednio pokierowany;\r\n\r\nW nowej cz\u0119\u015bci szko\u0142y znajduje si\u0119 winda, stara cz\u0119\u015b\u0107 budynku jest niedost\u0119pna architektonicznie;\r\n\r\nPosiadamy toalet\u0119 dla potrzeb os\u00f3b niepe\u0142nosprawnych;\r\n\r\nJest mo\u017cliwo\u015b\u0107 skorzystania z t\u0142umacza j\u0119zyka migowego i t\u0142umacza online (migam.org);\r\n\r\nW budynku nie ma oznacze\u0144 w alfabecie Braille\u2032 a ani oznacze\u0144 kontrastowych lub w druku powi\u0119kszonym dla os\u00f3b niewidomych i s\u0142abowidz\u0105cych;\r\n\r\nDo budynku szko\u0142y mo\u017cna wej\u015b\u0107 z psem przewodnikiem i psem asystuj\u0105cym po uprzednim zg\u0142oszeniu takiego zamiaru.<\/p>\r\n                        \r\n                <\/section>\r\n                \r\n\r\n            \r\n                <section id=\"a11y-komunikacja\">\r\n                    <h3>Dost\u0119pno\u015b\u0107 komunikacyjno-informacyjna<\/h3>\r\n                  \r\n                    <p>Opis dost\u0119pno\u015bci komunikacyjnej:\r\n\r\nOsoba niepe\u0142nosprawna wraz z psem asystuj\u0105cym ma prawo wst\u0119pu do budynku. Warunkiem skorzystania z uprawnienia jest wyposa\u017cenie psa asytuj\u0105cego w uprz\u0105\u017c oraz posiadanie przez osob\u0119 niepe\u0142nosprawn\u0105 certyfikatu potwierdzaj\u0105cego status psa asystuj\u0105cego. Osoba niepe\u0142nosprawna jest odpowiedzialna za szkody wyrz\u0105dzone przez psa asystuj\u0105cego.\r\n\r\nETR \u2013 Tekst \u0142atwy do czytania w trakcie przygotowania.\r\nPodmiot nie prowadzi dzia\u0142alno\u015bci w Polskim J\u0119zyku Migowym (PJM).<\/p>\r\n                <\/section>\r\n                \r\n            \r\n                <\/div>\r\n\r\n                    \r\n\t\t<\/div>\n\t\t\t\t<\/div>\n\t\t\t\t\t<\/div>\n\t\t<\/div>\n\t\t\t\t\t\t\t<\/div>\n\t\t<\/section>\n\t\t\t\t\t\t<\/div>\n\t\t\t\t\t<\/div>\n\t\t","protected":false},"excerpt":{"rendered":"<p>Deklaracja dost\u0119pno\u015bci Szko\u0142a Podstawowa nr 310 im. Micha\u0142a Byliny w Warszawie zobowi\u0105zuje si\u0119 zapewni\u0107 dost\u0119pno\u015b\u0107 swojej strony internetowej zgodnie z ustaw\u0105 z dnia 4 kwietnia 2019<span class=\"excerpt-hellip\"> [\u2026]<\/span><\/p>\n","protected":false},"author":2,"featured_media":0,"parent":0,"menu_order":0,"comment_status":"closed","ping_status":"closed","template":"","meta":{"footnotes":""},"class_list":["post-987","page","type-page","status-publish","hentry"],"_links":{"self":[{"href":"https:\/\/sp310.ursynow.warszawa.pl\/index.php\/wp-json\/wp\/v2\/pages\/987","targetHints":{"allow":["GET"]}}],"collection":[{"href":"https:\/\/sp310.ursynow.warszawa.pl\/index.php\/wp-json\/wp\/v2\/pages"}],"about":[{"href":"https:\/\/sp310.ursynow.warszawa.pl\/index.php\/wp-json\/wp\/v2\/types\/page"}],"author":[{"embeddable":true,"href":"https:\/\/sp310.ursynow.warszawa.pl\/index.php\/wp-json\/wp\/v2\/users\/2"}],"replies":[{"embeddable":true,"href":"https:\/\/sp310.ursynow.warszawa.pl\/index.php\/wp-json\/wp\/v2\/comments?post=987"}],"version-history":[{"count":58,"href":"https:\/\/sp310.ursynow.warszawa.pl\/index.php\/wp-json\/wp\/v2\/pages\/987\/revisions"}],"predecessor-version":[{"id":10950,"href":"https:\/\/sp310.ursynow.warszawa.pl\/index.php\/wp-json\/wp\/v2\/pages\/987\/revisions\/10950"}],"wp:attachment":[{"href":"https:\/\/sp310.ursynow.warszawa.pl\/index.php\/wp-json\/wp\/v2\/media?parent=987"}],"curies":[{"name":"wp","href":"https:\/\/api.w.org\/{rel}","templated":true}]}}